{"id":3307,"date":"2016-12-01T14:21:04","date_gmt":"2016-12-01T14:21:04","guid":{"rendered":"http:\/\/www.siqgabinete.com\/ca\/politica-de-cookies\/"},"modified":"2021-05-20T10:37:52","modified_gmt":"2021-05-20T10:37:52","slug":"politica-de-cookies","status":"publish","type":"page","link":"http:\/\/www.siqgabinete.com\/ca\/politica-de-cookies\/","title":{"rendered":"Pol\u00edtica de Cookies"},"content":{"rendered":"<p><strong><u>POL\u00cdTICA DE COOKIES<\/u><\/strong><\/p>\n<p>Aquesta pol\u00edtica de cookies t\u00e9 per finalitat informar de manera clara i precisa sobre les cookies que s\u2019utilitzen en la nostra web.<\/p>\n<p>Utilitzem cookies pr\u00f2pies i de tercers per a millorar els nostres serveis, personalitzar el nostre lloc web, facilitar la navegaci\u00f3 dels nostres usuaris, proporcionar-li una millor experi\u00e8ncia en l\u2019\u00fas del lloc web, identificar problemes per a millorar el mateix, fer mesuraments i estad\u00edstiques d\u2019\u00fas i mostrar-li publicitat relacionada amb les seves prefer\u00e8ncies mitjan\u00e7ant l\u2019an\u00e0lisi de l\u2019\u00fas del lloc web.<\/p>\n<p>L\u2019informem que podem utilitzar cookies en el seu equip a condici\u00f3 que l\u2019\/la usuari\/a hagi donat el seu consentiment, excepte en els sup\u00f2sits en els quals les cookies siguin necess\u00e0ries per a la navegaci\u00f3 pel nostre lloc web. En cas que presti el seu consentiment, podrem utilitzar cookies que ens permetran tenir m\u00e9s informaci\u00f3 sobre les seves prefer\u00e8ncies i personalitzar el nostre lloc web de conformitat amb els seus interessos individuals.<\/p>\n<p><strong>QU\u00c8 S\u00d3N LES COOKIES?<\/strong><\/p>\n<p>Les cookies i altres tecnologies similars com ara local shared objects, flaix cookies o p\u00edxels, s\u00f3n eines utilitzades pels servidors Web per a emmagatzemar i recuperar informaci\u00f3 sobre els seus visitants, aix\u00ed com per a oferir un correcte funcionament del lloc.<\/p>\n<p><strong>TIPUS DE COOKIES<\/strong><\/p>\n<p><strong>Tipus de cookies en funci\u00f3 de l\u2019entitat que les gestioni:<\/strong><\/p>\n<ul>\n<li><strong>Cookies pr\u00f2pies:<\/strong> s\u00f3n aquelles que s\u2019envien a l\u2019equip terminal de l\u2019usuari des d\u2019un equip o domini gestionat pel titular de la p\u00e0gina web i des de la qual es presta el servei sol\u00b7licitat per l\u2019usuari.<\/li>\n<li><strong>Cookies de tercers:<\/strong> s\u00f3n aquelles que s\u2019envien a l\u2019equip terminal de l\u2019usuari des d\u2019un equip o domini que no \u00e9s gestionat pel titular de la p\u00e0gina web des de la qual es presta el servei sol\u00b7licitat per l\u2019usuari, sin\u00f3 per una altra entitat que tracta les dades obtingudes trav\u00e9s de les cookies. Aix\u00ed mateix, en el cas que les cookies siguin instal\u00b7lades des d\u2019un equip o domini gestionat pel propi titular del lloc web per\u00f2 la informaci\u00f3 que es reculli mitjan\u00e7ant aquestes sigui gestionada per un tercer, tamb\u00e9 seran considerades com a cookies de tercers.<\/li>\n<\/ul>\n<p><strong>Tipus de cookies segons la finalitat:<\/strong><\/p>\n<ul>\n<li><strong>Cookies t\u00e8cniques:<\/strong> s\u00f3n aquelles que permeten a l\u2019usuari la navegaci\u00f3 a trav\u00e9s d\u2019una p\u00e0gina web, plataforma o aplicaci\u00f3 i la utilitzaci\u00f3 de les diferents opcions o serveis que en ella existeixin, incloent aquelles que l\u2019editor utilitza per a permetre la gesti\u00f3 i operativa de la p\u00e0gina web i habilitar les seves funcions i serveis, com, per exemple, controlar el tr\u00e0nsit i la comunicaci\u00f3 de dades, identificar la sessi\u00f3, accedir a parts d\u2019acc\u00e9s restringit, recordar els elements que integren una comanda, realitzar el proc\u00e9s de compra d\u2019una comanda, gestionar el pagament, controlar el frau vinculat a la seguretat del servei, realitzar la sol\u00b7licitud d\u2019inscripci\u00f3 o participaci\u00f3 en un esdeveniment, comptar visites a l\u2019efecte de la facturaci\u00f3 de llic\u00e8ncies del programari amb el qual funciona el servei (lloc web, plataforma o aplicaci\u00f3), utilitzar elements de seguretat durant la navegaci\u00f3, emmagatzemar continguts per a la difusi\u00f3 de v\u00eddeos o so, habilitar continguts din\u00e0mics (per exemple, animaci\u00f3 de c\u00e0rrega d\u2019un text o imatge) o compartir continguts a trav\u00e9s de xarxes socials.Tamb\u00e9 pertanyen a aquesta categoria, per la seva naturalesa t\u00e8cnica, aquelles cookies que permeten la gesti\u00f3, de la forma m\u00e9s efica\u00e7 possible, dels espais publicitaris que, com un element m\u00e9s de disseny o \u201cmaquetaci\u00f3\u201d del servei ofert a l\u2019usuari, l\u2019editor hagi incl\u00f2s en una p\u00e0gina web, aplicaci\u00f3 o plataforma sobre la base de criteris com el contingut editat, sense que es recopili informaci\u00f3 dels usuaris amb finalitats diferents, com pot ser personalitzar aquest contingut publicitari o altres continguts.<\/li>\n<li><strong>Cookies de prefer\u00e8ncies o personalitzaci\u00f3:<\/strong> s\u00f3n aquelles que permeten recordar informaci\u00f3 perqu\u00e8 l\u2019usuari accedeixi al servei amb determinades caracter\u00edstiques que poden diferenciar la seva experi\u00e8ncia de la d\u2019altres usuaris, com, per exemple, l\u2019idioma, el nombre de resultats a mostrar quan l\u2019usuari realitza una cerca, l\u2019aspecte o contingut del servei en funci\u00f3 de la mena de navegador a trav\u00e9s del qual l\u2019usuari accedeix al servei o de la regi\u00f3 des de la qual accedeix al servei, etc.<\/li>\n<li><strong>Cookies d\u2019an\u00e0lisis o mesurament:<\/strong> s\u00f3n aquelles que permeten al responsable de les mateixes el seguiment i an\u00e0lisi del comportament dels usuaris dels llocs web als quals estan vinculades, inclosa la quantificaci\u00f3 dels impactes dels anuncis. La informaci\u00f3 recollida mitjan\u00e7ant aquesta mena de cookies s\u2019utilitza en el mesurament de l\u2019activitat dels llocs web, aplicaci\u00f3 o plataforma, amb la finalitat d\u2019introduir millores en funci\u00f3 de l\u2019an\u00e0lisi de les dades d\u2019\u00fas que fan els usuaris del servei.<\/li>\n<li><strong>Cookies de publicitat comportamental:<\/strong> s\u00f3n aquelles que permeten la gesti\u00f3, de la forma m\u00e9s efica\u00e7 possible, dels espais publicitaris que hi ha en la p\u00e0gina web. Aquestes cookies emmagatzemen informaci\u00f3 del comportament dels usuaris obtinguda a trav\u00e9s de l\u2019observaci\u00f3 continuada dels seus h\u00e0bits de navegaci\u00f3, la qual cosa permet desenvolupar un perfil espec\u00edfic per a mostrar publicitat en funci\u00f3 d\u2019aquest.<\/li>\n<li><strong>Cookies de geolocalitzaci\u00f3:<\/strong> s\u2019utilitzen per a saber en quin lloc es troba un usuari quan sol\u00b7licita un servei. Aquesta cookie \u00e9s an\u00f2nima i s\u2019usa per exemple per a oferir-li la informaci\u00f3 adequada depenent del pa\u00eds en el qual es trobi.<\/li>\n<\/ul>\n<p><strong>Tipus de cookies segons termini de temps que romanen activades:<\/strong><\/p>\n<ul>\n<li><strong>Cookies de sessi\u00f3:<\/strong> s\u00f3n aquelles dissenyades per a recaptar i emmagatzemar dades mentre l\u2019usuari accedeix a una p\u00e0gina web. Es solen emprar per a emmagatzemar informaci\u00f3 que nom\u00e9s interessa conservar per a la prestaci\u00f3 del servei sol\u00b7licitat per l\u2019usuari en una sola ocasi\u00f3 (per exemple, una llista de productes adquirits) i desapareixen en acabar la sessi\u00f3.<\/li>\n<li><strong>Cookies persistents:<\/strong> s\u00f3n aquelles en les quals les dades segueixen emmagatzemats en el terminal i poden ser accedits i tractats durant un per\u00edode definit pel responsable de la cookie, i que pot anar d\u2019uns minuts a diversos anys.<\/li>\n<\/ul>\n<p><strong><br \/>\nCOOKIES UTILITZADES EN LA NOSTRA WEB<\/strong><\/p>\n<div id=\"cmplz-cookies-overview\"><details class=\"cmplz-dropdown cmplz-service-desc cmplz-dropdown-cookiepolicy \">\n\t<summary class=\"cmplz-service-header\"><div><h3>Enfold<\/h3><p>Funcional<\/p><\/div><\/summary>\n\t    <div class=\"cmplz-service-description\">\n\t\t    <h4>\u00das<\/h4>\n\t        <p>Utilitzem Enfold per a creaci\u00f3 de contingut. <a target=\"_blank\" rel=\"noopener noreferrer nofollow\" href=\"https:\/\/cookiedatabase.org\/service\/enfold\">Saber m\u00e9s<\/a><\/p>\n\t    <\/div>\n\t    <div class=\"cmplz-sharing-data\">\n\t        <h4>Compartici\u00f3 de dades<\/h4>\n\t        <p>Aquestes dades no s\u00f3n compartides amb tercers.<\/p>\n\t    <\/div>\n\t    <div class=\"cookies-per-purpose\">\n    <div class=\"purpose\"><h4>Funcional<\/h4><\/div>\n    <div class=\"name-header\">\n\t<h5>Nom<\/h5>\n<\/div>\n<div class=\"name\"><a target=\"_blank\" rel=\"noopener noreferrer nofollow\" href=\"https:\/\/cookiedatabase.org\/cookie\/enfold\/avia_post_0_\">avia_post_0_*<\/a><\/div>\n<div class=\"retention-header\">\n\t<h5>Retenci\u00f3<\/h5>\n<\/div>\n<div class=\"retention\">sessi\u00f3<\/div>\n<div class=\"function-header\">\n\t<h5>Funci\u00f3<\/h5>\n<\/div>\n<div class=\"function\">Mantenir els usuaris connectats<\/div>\n\n<\/div>\n<\/details>\n<details class=\"cmplz-dropdown cmplz-service-desc cmplz-dropdown-cookiepolicy \">\n\t<summary class=\"cmplz-service-header\"><div><h3>WPML<\/h3><p>Funcional<\/p><\/div><\/summary>\n\t    <div class=\"cmplz-service-description\">\n\t\t    <h4>\u00das<\/h4>\n\t        <p>Utilitzem WPML per a gesti\u00f3 local. <a target=\"_blank\" rel=\"noopener noreferrer nofollow\" href=\"https:\/\/cookiedatabase.org\/service\/wpml\">Saber m\u00e9s<\/a><\/p>\n\t    <\/div>\n\t    <div class=\"cmplz-sharing-data\">\n\t        <h4>Compartici\u00f3 de dades<\/h4>\n\t        <p>Aquestes dades no s\u00f3n compartides amb tercers.<\/p>\n\t    <\/div>\n\t    <div class=\"cookies-per-purpose\">\n    <div class=\"purpose\"><h4>Funcional<\/h4><\/div>\n    <div class=\"name-header\">\n\t<h5>Nom<\/h5>\n<\/div>\n<div class=\"name\"><a target=\"_blank\" rel=\"noopener noreferrer nofollow\" href=\"https:\/\/cookiedatabase.org\/cookie\/wpml\/wp-wpml_current_language\">wp-wpml_current_language<\/a><\/div>\n<div class=\"retention-header\">\n\t<h5>Retenci\u00f3<\/h5>\n<\/div>\n<div class=\"retention\">1 dia<\/div>\n<div class=\"function-header\">\n\t<h5>Funci\u00f3<\/h5>\n<\/div>\n<div class=\"function\">Emmagatzema la configuraci\u00f3 de l&#039;idiomes<\/div>\n\n<\/div>\n<\/details>\n<details class=\"cmplz-dropdown cmplz-service-desc cmplz-dropdown-cookiepolicy \">\n\t<summary class=\"cmplz-service-header\"><div><h3>WordPress<\/h3><p>Funcional<\/p><\/div><\/summary>\n\t    <div class=\"cmplz-service-description\">\n\t\t    <h4>\u00das<\/h4>\n\t        <p>Utilitzem WordPress per a desenvolupament del lloc web. <a target=\"_blank\" rel=\"noopener noreferrer nofollow\" href=\"https:\/\/cookiedatabase.org\/service\/wordpress\">Saber m\u00e9s<\/a><\/p>\n\t    <\/div>\n\t    <div class=\"cmplz-sharing-data\">\n\t        <h4>Compartici\u00f3 de dades<\/h4>\n\t        <p>Aquestes dades no s\u00f3n compartides amb tercers.<\/p>\n\t    <\/div>\n\t    <div class=\"cookies-per-purpose\">\n    <div class=\"purpose\"><h4>Funcional<\/h4><\/div>\n    <div class=\"name-header\">\n\t<h5>Nom<\/h5>\n<\/div>\n<div class=\"name\"><a target=\"_blank\" rel=\"noopener noreferrer nofollow\" href=\"https:\/\/cookiedatabase.org\/cookie\/wordpress\/wordpress_logged_in_0fccad09e111918db6363377b39bc8af\">wordpress_logged_in_*<\/a><\/div>\n<div class=\"retention-header\">\n\t<h5>Retenci\u00f3<\/h5>\n<\/div>\n<div class=\"retention\">sessi\u00f3<\/div>\n<div class=\"function-header\">\n\t<h5>Funci\u00f3<\/h5>\n<\/div>\n<div class=\"function\">Mantenir els usuaris connectats<\/div>\n\n<\/div>\n<\/details>\n<details class=\"cmplz-dropdown cmplz-service-desc cmplz-dropdown-cookiepolicy \">\n\t<summary class=\"cmplz-service-header\"><div><h3>Google Maps<\/h3><p>M\u00e0rqueting\/Seguiment<\/p><\/div><\/summary>\n\t    <div class=\"cmplz-service-description\">\n\t\t    <h4>\u00das<\/h4>\n\t        <p>Utilitzem Google Maps per a visualitzaci\u00f3 de mapes. <a target=\"_blank\" rel=\"noopener noreferrer nofollow\" href=\"https:\/\/cookiedatabase.org\/service\/google-maps\">Saber m\u00e9s<\/a><\/p>\n\t    <\/div>\n\t    <div class=\"cmplz-sharing-data\">\n\t        <h4>Compartici\u00f3 de dades<\/h4>\n\t        <p>Per a m\u00e9s informaci\u00f3, llegiu si us plau la <a target=\"_blank\" rel=\"noopener noreferrer nofollow\" href=\"https:\/\/policies.google.com\/privacy\">pol\u00edtica de privacitat de Google Maps<\/a>.<\/p>\n\t    <\/div>\n\t    <div class=\"cookies-per-purpose\">\n    <div class=\"purpose\"><h4>M\u00e0rqueting\/Seguiment<\/h4><\/div>\n    <div class=\"name-header\">\n\t<h5>Nom<\/h5>\n<\/div>\n<div class=\"name\"><a target=\"_blank\" rel=\"noopener noreferrer nofollow\" href=\"https:\/\/cookiedatabase.org\/cookie\/google-maps\/google-maps-api\">Google Maps API<\/a><\/div>\n<div class=\"retention-header\">\n\t<h5>Retenci\u00f3<\/h5>\n<\/div>\n<div class=\"retention\">no<\/div>\n<div class=\"function-header\">\n\t<h5>Funci\u00f3<\/h5>\n<\/div>\n<div class=\"function\">Preguntar la direcci\u00f3 IP de l&#039;usuari<\/div>\n\n<\/div>\n<\/details>\n<details class=\"cmplz-dropdown cmplz-service-desc cmplz-dropdown-cookiepolicy \">\n\t<summary class=\"cmplz-service-header\"><div><h3>Miscel\u00b7l\u00e0nia<\/h3><p>M\u00e0rqueting\/Seguiment, Funcional, Functional<\/p><\/div><\/summary>\n\t    <div class=\"cmplz-service-description\">\n\t\t    <h4>\u00das<\/h4>\n\t        <p><\/p>\n\t    <\/div>\n\t    <div class=\"cmplz-sharing-data\">\n\t        <h4>Compartici\u00f3 de dades<\/h4>\n\t        <p>La compartici\u00f3 de dades est\u00e0 pendent d'investigaci\u00f3.<\/p>\n\t    <\/div>\n\t    <div class=\"cookies-per-purpose\">\n    <div class=\"purpose\"><h4>M\u00e0rqueting\/Seguiment<\/h4><\/div>\n    <div class=\"name-header\">\n\t<h5>Nom<\/h5>\n<\/div>\n<div class=\"name\"><a target=\"_blank\" rel=\"noopener noreferrer nofollow\" href=\"https:\/\/cookiedatabase.org\/cookie\/unknown-service\/aviaenfold\">aviaenfold*<\/a><\/div>\n<div class=\"retention-header\">\n\t<h5>Retenci\u00f3<\/h5>\n<\/div>\n<div class=\"retention\">no<\/div>\n<div class=\"function-header\">\n\t<h5>Funci\u00f3<\/h5>\n<\/div>\n<div class=\"function\">Preguntar la direcci\u00f3 IP de l&#039;usuari<\/div>\n\n<\/div><div class=\"cookies-per-purpose\">\n    <div class=\"purpose\"><h4>Funcional<\/h4><\/div>\n    <div class=\"name-header\">\n\t<h5>Nom<\/h5>\n<\/div>\n<div class=\"name\">aviaModalPopupState<\/div>\n<div class=\"retention-header\">\n\t<h5>Retenci\u00f3<\/h5>\n<\/div>\n<div class=\"retention\">no<\/div>\n<div class=\"function-header\">\n\t<h5>Funci\u00f3<\/h5>\n<\/div>\n<div class=\"function\">Preguntar la direcci\u00f3 IP de l'usuari<\/div>\n<div class=\"name-header\">\n\t<h5>Nom<\/h5>\n<\/div>\n<div class=\"name\">complianz_policy_id<\/div>\n<div class=\"retention-header\">\n\t<h5>Retenci\u00f3<\/h5>\n<\/div>\n<div class=\"retention\">365 dies<\/div>\n<div class=\"function-header\">\n\t<h5>Funci\u00f3<\/h5>\n<\/div>\n<div class=\"function\">Preguntar la direcci\u00f3 IP de l'usuari<\/div>\n<div class=\"name-header\">\n\t<h5>Nom<\/h5>\n<\/div>\n<div class=\"name\">cmplz_marketing<\/div>\n<div class=\"retention-header\">\n\t<h5>Retenci\u00f3<\/h5>\n<\/div>\n<div class=\"retention\">365 dies<\/div>\n<div class=\"function-header\">\n\t<h5>Funci\u00f3<\/h5>\n<\/div>\n<div class=\"function\">Preguntar la direcci\u00f3 IP de l'usuari<\/div>\n<div class=\"name-header\">\n\t<h5>Nom<\/h5>\n<\/div>\n<div class=\"name\">complianz_consent_status<\/div>\n<div class=\"retention-header\">\n\t<h5>Retenci\u00f3<\/h5>\n<\/div>\n<div class=\"retention\">365 dies<\/div>\n<div class=\"function-header\">\n\t<h5>Funci\u00f3<\/h5>\n<\/div>\n<div class=\"function\">Preguntar la direcci\u00f3 IP de l'usuari<\/div>\n\n<\/div><div class=\"cookies-per-purpose\">\n    <div class=\"purpose\"><h4>Functional<\/h4><\/div>\n    <div class=\"name-header\">\n\t<h5>Nom<\/h5>\n<\/div>\n<div class=\"name\">loglevel<\/div>\n<div class=\"retention-header\">\n\t<h5>Retenci\u00f3<\/h5>\n<\/div>\n<div class=\"retention\">sesi\u00f3n<\/div>\n<div class=\"function-header\">\n\t<h5>Funci\u00f3<\/h5>\n<\/div>\n<div class=\"function\">Mantener los usuarios logeados<\/div>\n\n<\/div>\n<\/details>\n<\/div>\n<p>&nbsp;<\/p>\n<p><strong>COM ES DESHABILITEN LES COOKIES EN ELS NAVEGADORS?<\/strong><\/p>\n<p>L\u2019usuari pot, en qualsevol moment, permetre, bloquejar o eliminar les cookies instal\u00b7lades en el seu equip mitjan\u00e7ant la modificaci\u00f3 dels par\u00e0metres de configuraci\u00f3 del navegador instal\u00b7lat en el seu ordinador:<\/p>\n<ul>\n<li><a href=\"https:\/\/support.google.com\/chrome\/answer\/95647?hl=es&amp;sc_ref_bbva=https%3A%2F%2Fwww.bbva.es%2Fsistema%2Fmeta%2Faviso-legal%2Findex.jsp\" target=\"_blank\" rel=\"noopener\">Chrome<\/a> Configuraci\u00f3 -&gt; Mostrar opcions avan\u00e7ades -&gt; Privacitat -&gt; Configuraci\u00f3 del contingut.<br \/>\nPer a m\u00e9s informaci\u00f3, pot consultar el suport de Google o l\u2019Ajuda del navegador.<\/li>\n<li><a href=\"http:\/\/windows.microsoft.com\/es-es\/windows7\/how-to-manage-cookies-in-internet-explorer-9?sc_ref_bbva=https%3A%2F%2Fwww.bbva.es%2Fsistema%2Fmeta%2Faviso-legal%2Findex.jsp\" target=\"_blank\" rel=\"noopener\">Explorer<\/a> Eines -&gt; Opcions d\u2019Internet -&gt; Privacitat -&gt; Configuraci\u00f3.<br \/>\nPer a m\u00e9s informaci\u00f3, pot consultar el suport de Microsoft o l\u2019Ajuda del navegador.<\/li>\n<li><a href=\"http:\/\/support.mozilla.org\/es\/kb\/habilitar-y-deshabilitar-cookies-que-los-sitios-we?sc_ref_bbva=https%3A%2F%2Fwww.bbva.es%2Fsistema%2Fmeta%2Faviso-legal%2Findex.jsp\" target=\"_blank\" rel=\"noopener\">Firefox<\/a> Eines -&gt;Opcions -&gt; Privacitat -&gt; Historial -&gt; Configuraci\u00f3 Personalitzada.<br \/>\nPer a m\u00e9s informaci\u00f3, pot consultar el suport de Mozilla o l\u2019Ajuda del navegador.<\/li>\n<li><a href=\"http:\/\/support.apple.com\/kb\/ph5042?sc_ref_bbva=https%3A%2F%2Fwww.bbva.es%2Fsistema%2Fmeta%2Faviso-legal%2Findex.jsp\" target=\"_blank\" rel=\"noopener\">Safari<\/a> Prefer\u00e8ncies -&gt; Seguretat .<br \/>\nPer a m\u00e9s informaci\u00f3, pot consultar el suport d\u2019Apple o l\u2019Ajuda del navegador<\/li>\n<\/ul>\n<p>La desactivaci\u00f3 de les cookies no impedeix la navegaci\u00f3 pel lloc web, encara que l\u2019\u00fas d\u2019alguns dels seus serveis podr\u00e0 ser limitat i, per tant, la seva experi\u00e8ncia de navegaci\u00f3 podr\u00e0 ser menys satisfact\u00f2ria.<\/p>\n<p><strong>RETIRAR EL CONSENTIMENT<\/strong><\/p>\n<div id=\"cmplz-manage-consent-container-nojavascript\">You have loaded the Cookie Policy without javascript support.&nbsp;On AMP, you can use the manage consent button on the bottom of the page.<\/div><p id=\"cmplz-manage-consent-container\" class=\"cmplz-manage-consent-container\"><\/p>\n<p>L\u2019usuari podr\u00e0 retirar en qualsevol moment el seu consentiment relacionat amb la Pol\u00edtica de Cookies, i podr\u00e0 eliminar les cookies emmagatzemades en el seu equip a trav\u00e9s dels ajustos i configuracions del seu navegador d\u2019Internet, indicats anteriorment, aix\u00ed com accedint al nostre panell de configuraci\u00f3:<\/p>\n<p>La present Pol\u00edtica de Cookies es podr\u00e0 modificar quan aix\u00ed ho exigeixi la legislaci\u00f3 vigent a cada moment o quan hi hagu\u00e9s alguna variaci\u00f3 en la mena de cookies utilitzades en el lloc web. Per aix\u00f2, li recomanem revisar aquesta pol\u00edtica cada vegada que accedeixi al nostre lloc web amb l\u2019objectiu d\u2019estar adequadament informat sobre com i per a qu\u00e8 usem les cookies.<\/p>\n","protected":false},"excerpt":{"rendered":"<p>POL\u00cdTICA DE COOKIES Aquesta pol\u00edtica de cookies t\u00e9 per finalitat informar de manera clara i precisa sobre les cookies que s\u2019utilitzen en la nostra web. Utilitzem cookies pr\u00f2pies i de tercers per a millorar els nostres serveis, personalitzar el nostre lloc web, facilitar la navegaci\u00f3 dels nostres usuaris, proporcionar-li una millor experi\u00e8ncia en l\u2019\u00fas del [&hellip;]<\/p>\n","protected":false},"author":3,"featured_media":0,"parent":0,"menu_order":0,"comment_status":"closed","ping_status":"closed","template":"","meta":[],"_links":{"self":[{"href":"http:\/\/www.siqgabinete.com\/ca\/wp-json\/wp\/v2\/pages\/3307"}],"collection":[{"href":"http:\/\/www.siqgabinete.com\/ca\/wp-json\/wp\/v2\/pages"}],"about":[{"href":"http:\/\/www.siqgabinete.com\/ca\/wp-json\/wp\/v2\/types\/page"}],"author":[{"embeddable":true,"href":"http:\/\/www.siqgabinete.com\/ca\/wp-json\/wp\/v2\/users\/3"}],"replies":[{"embeddable":true,"href":"http:\/\/www.siqgabinete.com\/ca\/wp-json\/wp\/v2\/comments?post=3307"}],"version-history":[{"count":6,"href":"http:\/\/www.siqgabinete.com\/ca\/wp-json\/wp\/v2\/pages\/3307\/revisions"}],"predecessor-version":[{"id":3451,"href":"http:\/\/www.siqgabinete.com\/ca\/wp-json\/wp\/v2\/pages\/3307\/revisions\/3451"}],"wp:attachment":[{"href":"http:\/\/www.siqgabinete.com\/ca\/wp-json\/wp\/v2\/media?parent=3307"}],"curies":[{"name":"wp","href":"https:\/\/api.w.org\/{rel}","templated":true}]}}