{"id":3297,"date":"2016-12-01T14:16:23","date_gmt":"2016-12-01T14:16:23","guid":{"rendered":"http:\/\/www.siqgabinete.com\/ca\/politica-de-privacidad\/"},"modified":"2021-05-20T09:21:28","modified_gmt":"2021-05-20T09:21:28","slug":"politica-de-privacidad","status":"publish","type":"page","link":"http:\/\/www.siqgabinete.com\/ca\/politica-de-privacidad\/","title":{"rendered":"Pol\u00edtica de Privacitat"},"content":{"rendered":"<p><u>POL\u00cdTICA DE PRIVACITAT DE DADES<\/u><\/p>\n<p><strong>Responsable del Tractament<\/strong><\/p>\n<p>L\u2019empresa responsable del tractament de les seves dades en virtut d\u2019aquesta Pol\u00edtica de privacitat \u00e9s:<\/p>\n<p>S.I.Q. GABINETE EMPRESARIAL, SLP<br \/>\nNIF: B60907383<br \/>\nDomicili: C\/ Diputaci\u00f3, 314, 4\u00ba 2\u00aa &#8211; 08009 Barcelona<br \/>\nDirecci\u00f3 de correu electr\u00f2nic: fiscal@siqgabinete.com<br \/>\nWeb: siqgabinete.com<br \/>\nTel\u00e8fon: 934570832<br \/>\nInscrita al Registre Mercantil de Barcelona, Tom 28515, Foli 95, Full B-138603<\/p>\n<p>En S.I.Q. GABINETE EMPRESARIAL, SLP, reconeixem la import\u00e0ncia de protegir la seva informaci\u00f3 personal i estem compromesos a tractar-la amb responsabilitat i de conformitat amb les lleis de protecci\u00f3 de dades.<\/p>\n<p>La present pol\u00edtica de privacitat pret\u00e9n regular tots els aspectes relatius al tractament de dades dels diferents usuaris que naveguen o faciliten les seves a trav\u00e9s dels diferents formularis situats en la web.<\/p>\n<p><strong>Dades Personals<\/strong><\/p>\n<p>Una dada personal \u00e9s la informaci\u00f3 que l\u2019identifica o el fa identificable. A trav\u00e9s de la web, en les caselles establertes a tal efecte recollim les dades personals que l\u2019usuari ens comunica: nom, cognoms, correu electr\u00f2nic, tel\u00e8fon, direcci\u00f3 postal, poblaci\u00f3, etc., aix\u00ed com totes aquelles dades que volunt\u00e0riament ens proporcioni a trav\u00e9s de qualsevol de les xarxes socials de les quals l\u2019usuari est\u00e0 registrat. En aquest cas, la privacitat dependr\u00e0 de la configuraci\u00f3 establerta pel mateix usuari aix\u00ed com dels termes i condicions de la pr\u00f2pia xarxa social.<\/p>\n<p>La visita de l\u2019usuari a la web no implica que hagi de facilitar cap informaci\u00f3 sobre les seves dades personals. No obstant aix\u00f2, en cas de facilitar-les, les dades seran tractades de forma l\u00edcita de conformitat en tot moment als principis i drets recollits en el RGPD 2016\/679 de 26 d\u2019abril i la LOPDGDD 3\/2018 del 5 de desembre.<\/p>\n<p><strong>Finalitat, duraci\u00f3 i legitimaci\u00f3 del tractament<\/strong><\/p>\n<p>Les dades que l\u2019usuari ens proporcioni les tractarem amb les seg\u00fcents finalitats:<\/p>\n<ul>\n<li>Atendre la sol\u00b7licitud o petici\u00f3 realitzada per l\u2019usuari a trav\u00e9s del formulari de contacte situat a la web. Recollim i tractem les dades personals de l\u2019usuari per poder tramitar i gestionar la seva sol\u00b7licitud, una consulta o qualsevol petici\u00f3 que realitza a trav\u00e9s del formulari. Aquestes dades les conservem durant el temps necessari per complir la seva petici\u00f3 i durant el temps establert per la llei amb una duraci\u00f3 m\u00ednima de 3 anys.\n<p>La base de legitimaci\u00f3 del tractament de les dades ser\u00e0 el consentiment que atorga l\u2019usuari en seleccionar la casella d\u2019acceptaci\u00f3 de la nostra pol\u00edtica de privacitat abans d\u2019enviar la petici\u00f3. L\u2019usuari t\u00e9 dret a revocar el seu consentiment en qualsevol moment sense que aix\u00f2 afecti la licitud del tractament basat en el consentiment previ a la seva retirada.<\/li>\n<li>Millorar la seva experi\u00e8ncia en navegar per la web. Aquestes dades els conservarem mentre l\u2019usuari no revoqui el seu consentiment al tractament d\u2019aquestes eliminant les cookies i durant el temps establert per la llei amb una durada m\u00ednima de 3 anys.\n<p>La base de legitimaci\u00f3 per a millorar la seva experi\u00e8ncia en navegar per la web \u00e9s el consentiment que atorga l\u2019usuari en acceptar les cookies. L\u2019usuari t\u00e9 dret a revocar el seu consentiment en qualsevol moment sense que aix\u00f2 afecti la licitud del tractament basat en el consentiment previ a la seva retirada.<\/li>\n<\/ul>\n<p><strong>Cessi\u00f3 o comunicaci\u00f3 de dades personals i transfer\u00e8ncies internacionals<\/strong><\/p>\n<p>Les seves dades no es comunicaran ni seran cedides a tercers, tret que existeixi alguna obligaci\u00f3 legal o a aquells prestadors vinculats al Responsable que actuen com a encarregats del tractament.<\/p>\n<p>Els nostres servidors estan situats a la Uni\u00f3 Europea, i amb car\u00e0cter general, contractem prestadors de serveis situats tamb\u00e9 dins de l\u2019Espai Econ\u00f2mic Europeu o en pa\u00efsos que han estat declarats amb un nivell adequat de protecci\u00f3.<\/p>\n<p>Si necessitem utilitzar prove\u00efdors de serveis externs que requereixin la transmissi\u00f3 de dades personals fora de la Uni\u00f3 Europea o en pa\u00efsos que no han estat declarats amb un nivell adequat de protecci\u00f3, ens assegurarem de garantir la seguretat i legitimitat del tractament de les seves dades mitjan\u00e7ant decisions d\u2019adequaci\u00f3, cl\u00e0usules tipus, normes corporatives vinculants, excepcions o qualsevol altre instrument aprovat per l\u2019autoritat de control que ofereixi les garanties adequades per a la realitzaci\u00f3 de latransfer\u00e8ncia internacional de dades.<\/p>\n<p><strong>Actualitzaci\u00f3 de dades<\/strong><\/p>\n<p>\u00c9s important que perqu\u00e8 puguem mantenir les dades personals actualitzades, l\u2019usuari ens informi sempre que hi hagi hagut alguna modificaci\u00f3 en aquestes, en cas contrari, no responem de la veracitat d\u2019aquestes.<\/p>\n<p>L\u2019usuari garanteix que les dades personals facilitades s\u00f3n veraces garantint que tota la informaci\u00f3 facilitada correspon amb la situaci\u00f3 real, que est\u00e0 posada al dia i \u00e9s exacta, quedant obligat a comunicar qualsevol modificaci\u00f3.<\/p>\n<p><strong>Dades de Tercers<\/strong><\/p>\n<p>Si l\u2019usuari facilita dades de terceres persones per a qualsevol finalitat a S.I.Q. GABINETE EMPRESARIAL, SLP, garanteix que ha obtingut aquestes dades de forma l\u00edcita, que ha informat pr\u00e8viament els afectats, obtenint el seu consentiment per a comunicar-les i que la informaci\u00f3 facilitada \u00e9s exacta i vera\u00e7.<\/p>\n<p><strong>Car\u00e0cter obligatori de la informaci\u00f3 sol\u00b7licitada<\/strong><\/p>\n<p>Tots els nostres formularis compten amb un asterisc (*) en les dades obligat\u00f2ries. Si l\u2019usuari no omple aquests camps, o no marca la casella d\u2019acceptaci\u00f3 de la pol\u00edtica de privacitat, no es permetr\u00e0 l\u2019enviament de la informaci\u00f3.<\/p>\n<p><strong>\u00das de les contrasenyes<\/strong><\/p>\n<p>Per a poder accedir a l\u2019\u00c0rea Privada, l\u2019USUARI haur\u00e0 de \u201cIniciar Sessi\u00f3\u201d i incloure l\u2019adre\u00e7a del correu electr\u00f2nic i contrasenya generada en el formulari de registre d\u2019acord a les regles de complexitat que s\u2019estableixin a cada moment a la web.<\/p>\n<p>Els usuaris s\u00f3n responsables de l\u2019adequada cust\u00f2dia i confidencialitat de qualssevol dels identificadors i\/o contrasenyes que hagin seleccionat en el registre, i es comprometen a no cedir el seu \u00fas a tercers, ni permetre el seu acc\u00e9s a persones alienes.<\/p>\n<p>Aix\u00ed mateix, ser\u00e0 obligaci\u00f3 de l\u2019usuari notificar de forma immediata al Responsable qualsevol fet que permeti l\u2019\u00fas indegut dels identificadors i\/o contrasenyes, tals com el robatori, l\u2019extraviament, o l\u2019acc\u00e9s no autoritzat a aquests, amb la finalitat de conducta a la seva immediata cancel\u00b7laci\u00f3.<\/p>\n<p><strong>Drets dels interessats<\/strong><\/p>\n<p>T\u00e9 dret a accedir a les seves dades i a obtenir confirmaci\u00f3 sobre el seu tractament, aix\u00ed com una c\u00f2pia de les dades personals objecte de tractament. T\u00e9 dret a actualitzar-les i a sol\u00b7licitar la rectificaci\u00f3 de les dades que siguin inexactes o sol\u00b7licitar la supressi\u00f3 quan les dades no siguin necess\u00e0ries per a les finalitats per les quals van ser recaptades. Pot sol\u00b7licitar la limitaci\u00f3 en el tractament de les seves dades i oposar-se al tractament d\u2019aquestes revocant el seu consentiment, aix\u00ed com exercir el dret a la portabilitat de les dades. De la mateixa manera, t\u00e9 dret a no ser objecte de decisions basades \u00fanicament en el tractament automatitzat de les seves dades personals. Pot exercir els seus drets contactant amb nosaltres C\/ Diputaci\u00f3, 314 4\u00ba 2\u00aa &#8211; 08009 BARCELONA (Barcelona). Email: fiscal@siqgabinete.com.<\/p>\n<p>Si considera que els seus drets no s\u2019han at\u00e8s degudament, t\u00e9 dret a presentar una reclamaci\u00f3 davant l\u2019autoritat de control a www.aepd.es.<\/p>\n<p><strong>Tractament de dades de Menors d\u2019edat<\/strong><\/p>\n<p>Qui facilita les dades a trav\u00e9s dels formularis d\u2019aquesta web i accepta el seu tractament declara ser major de 14 anys, quedant prohibit l\u2019acc\u00e9s i \u00fas del portal a menors d\u2019aquesta edat. Si en algun moment, el Responsable detecta que un menor de 14 anys ha proporcionat dades de car\u00e0cter personal, procedirem a la cancel\u00b7laci\u00f3 d\u2019aquestes. Aix\u00ed mateix, els pares o tutors podran en qualsevol cas dirigir-se a S.I.Q. GABINETE EMPRESARIAL, SLP per a bloquejar el compte d\u2019acc\u00e9s dels menors al seu c\u00e0rrec que s\u2019haguessin registrat falsejant la seva identitat.<\/p>\n<p><strong>Tractament de Cookies<\/strong><\/p>\n<p>Una cookie \u00e9s un petit arxiu que es descarrega i emmagatzema en l\u2019ordinador de l\u2019usuari quan aquest accedeix a una p\u00e0gina web.<\/p>\n<p>Les cookies permeten a la web, entre altres coses, emmagatzemar i recuperar informaci\u00f3 sobre els h\u00e0bits de navegaci\u00f3 de l\u2019usuari o del seu equip i, depenent de la informaci\u00f3 que continguin i de la forma en qu\u00e8 utilitzi el seu equip, poden utilitzar-se per a recon\u00e8ixer a l\u2019usuari.<\/p>\n<p>L\u2019usuari t\u00e9 l\u2019opci\u00f3 d\u2019impedir la generaci\u00f3 de cookies, mitjan\u00e7ant la selecci\u00f3 de la corresponent opci\u00f3 en el seu programa de navegador. Pot obtenir m\u00e9s informaci\u00f3 llegint la nostra Pol\u00edtica de Cookies.<\/p>\n<p>&nbsp;<\/p>\n<p><em>Data d\u2019Actualitzaci\u00f3: 12\/05\/2021<\/em><\/p>\n","protected":false},"excerpt":{"rendered":"<p>POL\u00cdTICA DE PRIVACITAT DE DADES Responsable del Tractament L\u2019empresa responsable del tractament de les seves dades en virtut d\u2019aquesta Pol\u00edtica de privacitat \u00e9s: S.I.Q. GABINETE EMPRESARIAL, SLP NIF: B60907383 Domicili: C\/ Diputaci\u00f3, 314, 4\u00ba 2\u00aa &#8211; 08009 Barcelona Direcci\u00f3 de correu electr\u00f2nic: fiscal@siqgabinete.com Web: siqgabinete.com Tel\u00e8fon: 934570832 Inscrita al Registre Mercantil de Barcelona, Tom 28515, [&hellip;]<\/p>\n","protected":false},"author":3,"featured_media":0,"parent":0,"menu_order":0,"comment_status":"closed","ping_status":"closed","template":"","meta":[],"_links":{"self":[{"href":"http:\/\/www.siqgabinete.com\/ca\/wp-json\/wp\/v2\/pages\/3297"}],"collection":[{"href":"http:\/\/www.siqgabinete.com\/ca\/wp-json\/wp\/v2\/pages"}],"about":[{"href":"http:\/\/www.siqgabinete.com\/ca\/wp-json\/wp\/v2\/types\/page"}],"author":[{"embeddable":true,"href":"http:\/\/www.siqgabinete.com\/ca\/wp-json\/wp\/v2\/users\/3"}],"replies":[{"embeddable":true,"href":"http:\/\/www.siqgabinete.com\/ca\/wp-json\/wp\/v2\/comments?post=3297"}],"version-history":[{"count":4,"href":"http:\/\/www.siqgabinete.com\/ca\/wp-json\/wp\/v2\/pages\/3297\/revisions"}],"predecessor-version":[{"id":3437,"href":"http:\/\/www.siqgabinete.com\/ca\/wp-json\/wp\/v2\/pages\/3297\/revisions\/3437"}],"wp:attachment":[{"href":"http:\/\/www.siqgabinete.com\/ca\/wp-json\/wp\/v2\/media?parent=3297"}],"curies":[{"name":"wp","href":"https:\/\/api.w.org\/{rel}","templated":true}]}}